{"id":8,"date":"2013-01-06T13:47:25","date_gmt":"2013-01-06T11:47:25","guid":{"rendered":"http:\/\/www.naimextraders.de\/nt\/?page_id=8"},"modified":"2019-01-06T13:40:41","modified_gmt":"2019-01-06T12:40:41","slug":"naimextraders","status":"publish","type":"page","link":"https:\/\/www.naimextraders.de\/nt\/naimextraders\/","title":{"rendered":"NaimexTraders"},"content":{"rendered":"<h3>Wer wir sind<\/h3>\n<p>NaimexTraders ist ein Handelshaus und Serviceunternehmen f\u00fcr die Lebensmittelindustrie. Dabei liegt unser Schwerpunkt auf Naturd\u00e4rmen, die wir sowohl zwischen Naturdarmfirmen vermitteln als auch direkt an die Fleischwarenindustrie.<\/p>\n<p>Dar\u00fcber hinaus werden wir gern als Fachberater f\u00fcr Sie t\u00e4tig, wenn Sie den Einsatz von Naturd\u00e4rmen in Ihrem Unternehmen optimieren wollen. Oder nutzen Sie unsere Kontakte und unsere Erfahrung, wenn Sie Ihre Produkte in Drittl\u00e4nder wie z.B. die VR China exportieren m\u00f6chten.<\/p>\n<p>NaimexTraders wird getragen von Manfred und Beate Grundt. Mit \u00fcber 40-j\u00e4hriger Erfahrung in der Produktion von Naturd\u00e4rmen und genau so langer T\u00e4tigkeit im Naturdarmhandel kennen wir die besonderen Eigenschaften unserer Produkte.<\/p>\n<p>Wir k\u00f6nnen auf eine jahrzehntelange Mitgliedschaft im internationalen Naturdarmverband INSCA zur\u00fcckblicken. Zw\u00f6lf Jahre lang waren wir im INSCA-Vorstand aktiv und haben in dieser Zeit zwei Jahre den stellvertretenden Vorsitzenden und f\u00fcnf Jahre den Vorstandsvorsitzenden gestellt. So haben wir in Wirtschaft, Verwaltungen und Institutionen weltweit gute Kontakte aufbauen und bis heute pflegen k\u00f6nnen.<\/p>\n<h5>Der optimale Naturdarm f\u00fcr Ihre Wurstproduktion<\/h5>\n<p>Aufgrund unserer langj\u00e4hrigen Erfahrung, gepaart mit Enthusiasmus f\u00fcr den Dienst am Kunden und unsere Produkte, sind wir der Partner, der sich um Ihre Anliegen, Ihre speziellen Anforderungen und Ihren Bedarf im Detail k\u00fcmmert. Wir bringen das optimale Produkt f\u00fcr Ihre Wurstproduktion zu Ihnen.<\/p>\n<h5>International vernetzt<\/h5>\n<p>Unser internationales Netzwerk in den Ursprungsl\u00e4ndern in Europa, der VR China, S\u00fcdamerika, Australien, Neuseeland und dem Orient nutzen wir zum Vorteil unserer Kunden. Die von uns ausgew\u00e4hlten namhaften Produzenten und Kooperationspartner im Inland und Ausland arbeiten streng nach h\u00f6chsten Standards. F\u00fcr Sie &#8211; Handwerk, Industrie und Naturdarm-Handel. Und f\u00fcr die Sicherheit Ihrer Produkte.<\/p>\n<h3>Was wir tun<\/h3>\n<h5>Individuelle Beratung, passende Produkte<\/h5>\n<p>Sie sind Fleischwarenhersteller und suchen einen neuen, verl\u00e4sslichen Lieferanten? Wir wissen, welcher der ideale Naturdarm f\u00fcr jedes Ihrer Produkte ist und wo wir ihn f\u00fcr Sie bekommen. Wir kennen die M\u00e4rkte, die Produzenten und ihre jeweiligen Produkte.<br \/>\nUnd sollte es doch einmal ein Problem geben &#8211; der Naturdarm ist schlie\u00dflich kein maschinell hergestelltes, normiertes Produkt &#8211; , k\u00fcmmern wir uns pers\u00f6nlich um dessen L\u00f6sung.<br \/>\n\u00dcberhaupt wird Service &#8211; Kundendienst im besten Sinne &#8211; bei uns ganz gro\u00df geschrieben, sowohl vor wie auch nach Gesch\u00e4ftsabwicklung.<\/p>\n<h5>Zuverl\u00e4ssige Abnahme<\/h5>\n<p>Sie sind Naturdarmproduzent und m\u00f6chten an Wursthersteller in Deutschland verkaufen? Wir wissen, welcher Fleischwarenproduzent welche Ware ben\u00f6tigt. Wenn Ihre Produkte den hohen Qualit\u00e4tsanforderungen unserer Kunden entsprechen, werden wir gern f\u00fcr Sie t\u00e4tig.<\/p>\n<h5>Marktbeobachtung<\/h5>\n<p>Selbstverst\u00e4ndlich beobachten wir alle Marktbewegungen genau und bewerten Informationen auf Grundlage unserer Erfahrungen und unseres Wissens. Davon profitieren unsere Kunden und Partner in hohem Ma\u00dfe, denn wir stehen stets in engem Kontakt.<\/p>\n<h5>Unsere Servicezeiten<\/h5>\n<p>F\u00fcr unsere Kunden und Partner sind wir rund um die Uhr erreichbar, 360 Tage im Jahr.<\/p>\n<h5><div class=\"lightgrey-box\">Sollten Sie uns noch nicht kennen, dann nehmen Sie doch einfach mal Kontakt mit uns auf. Stellen Sie uns auf die Probe. Zeigen Sie uns Ihre Produkte. Bestimmt haben wir auch f\u00fcr Sie ein paar gute Ideen.<\/div><\/h5>\n<h5><div class=\"lightgrey-box\"><strong>\u00dcbrigens<\/strong> &#8230;<br \/>\n&#8230; Wir haben auch sehr gute Kontakte zu Eink\u00e4ufern von Fleisch, Schlachtnebenerzeugnissen sowie haltbaren Wurstprodukten in der VR China.<\/div><\/h5>\n<p style=\"text-align: center;\"><a class=\"standard-btn red-btn small-btn\" href=\"mailto:mail@naimextraders.de\"><span><strong>Kontakt<\/strong><\/span><\/a><\/p>\n","protected":false},"excerpt":{"rendered":"<p>Wer wir sind NaimexTraders ist ein Handelshaus und Serviceunternehmen f\u00fcr die Lebensmittelindustrie. Dabei liegt unser Schwerpunkt auf Naturd\u00e4rmen, die wir sowohl zwischen Naturdarmfirmen vermitteln als auch direkt an die Fleischwarenindustrie. Dar\u00fcber hinaus werden wir gern als Fachberater f\u00fcr Sie t\u00e4tig, &hellip; <a href=\"https:\/\/www.naimextraders.de\/nt\/naimextraders\/\">Weiterlesen &rarr;<\/a><\/p>\n","protected":false},"author":1,"featured_media":0,"parent":0,"menu_order":1,"comment_status":"closed","ping_status":"open","template":"","meta":{"footnotes":""},"class_list":["post-8","page","type-page","status-publish","hentry"],"yoast_head":"<!-- This site is optimized with the Yoast SEO plugin v27.5 - https:\/\/yoast.com\/product\/yoast-seo-wordpress\/ -->\n<title>NaimexTraders -<\/title>\n<meta name=\"description\" content=\"Handel und Service f\u00fcr die Lebensmittelindustrie mit Schwerpunkt Naturd\u00e4rme und Export von Schlachtprodukten in Drittl\u00e4nder, vor allem die VR China.\" \/>\n<meta name=\"robots\" content=\"index, follow, max-snippet:-1, max-image-preview:large, max-video-preview:-1\" \/>\n<link rel=\"canonical\" href=\"https:\/\/www.naimextraders.de\/nt\/naimextraders\/\" \/>\n<meta property=\"og:locale\" content=\"de_DE\" \/>\n<meta property=\"og:type\" content=\"article\" \/>\n<meta property=\"og:title\" content=\"NaimexTraders -\" \/>\n<meta property=\"og:description\" content=\"Handel und Service f\u00fcr die Lebensmittelindustrie mit Schwerpunkt Naturd\u00e4rme und Export von Schlachtprodukten in Drittl\u00e4nder, vor allem die VR China.\" \/>\n<meta property=\"og:url\" content=\"https:\/\/www.naimextraders.de\/nt\/naimextraders\/\" \/>\n<meta property=\"og:site_name\" content=\"NaimexTraders\" \/>\n<meta property=\"article:modified_time\" content=\"2019-01-06T12:40:41+00:00\" \/>\n<meta name=\"twitter:label1\" content=\"Gesch\u00e4tzte Lesezeit\" \/>\n\t<meta name=\"twitter:data1\" content=\"3\u00a0Minuten\" \/>\n<script type=\"application\/ld+json\" class=\"yoast-schema-graph\">{\"@context\":\"https:\\\/\\\/schema.org\",\"@graph\":[{\"@type\":\"WebPage\",\"@id\":\"https:\\\/\\\/www.naimextraders.de\\\/nt\\\/naimextraders\\\/\",\"url\":\"https:\\\/\\\/www.naimextraders.de\\\/nt\\\/naimextraders\\\/\",\"name\":\"NaimexTraders -\",\"isPartOf\":{\"@id\":\"https:\\\/\\\/www.naimextraders.de\\\/nt\\\/#website\"},\"datePublished\":\"2013-01-06T11:47:25+00:00\",\"dateModified\":\"2019-01-06T12:40:41+00:00\",\"description\":\"Handel und Service f\u00fcr die Lebensmittelindustrie mit Schwerpunkt Naturd\u00e4rme und Export von Schlachtprodukten in Drittl\u00e4nder, vor allem die VR China.\",\"breadcrumb\":{\"@id\":\"https:\\\/\\\/www.naimextraders.de\\\/nt\\\/naimextraders\\\/#breadcrumb\"},\"inLanguage\":\"de\",\"potentialAction\":[{\"@type\":\"ReadAction\",\"target\":[\"https:\\\/\\\/www.naimextraders.de\\\/nt\\\/naimextraders\\\/\"]}]},{\"@type\":\"BreadcrumbList\",\"@id\":\"https:\\\/\\\/www.naimextraders.de\\\/nt\\\/naimextraders\\\/#breadcrumb\",\"itemListElement\":[{\"@type\":\"ListItem\",\"position\":1,\"name\":\"Home\",\"item\":\"https:\\\/\\\/www.naimextraders.de\\\/nt\\\/\"},{\"@type\":\"ListItem\",\"position\":2,\"name\":\"NaimexTraders\"}]},{\"@type\":\"WebSite\",\"@id\":\"https:\\\/\\\/www.naimextraders.de\\\/nt\\\/#website\",\"url\":\"https:\\\/\\\/www.naimextraders.de\\\/nt\\\/\",\"name\":\"NaimexTraders\",\"description\":\"Das Naturdarmhaus.\",\"potentialAction\":[{\"@type\":\"SearchAction\",\"target\":{\"@type\":\"EntryPoint\",\"urlTemplate\":\"https:\\\/\\\/www.naimextraders.de\\\/nt\\\/?s={search_term_string}\"},\"query-input\":{\"@type\":\"PropertyValueSpecification\",\"valueRequired\":true,\"valueName\":\"search_term_string\"}}],\"inLanguage\":\"de\"}]}<\/script>\n<!-- \/ Yoast SEO plugin. -->","yoast_head_json":{"title":"NaimexTraders -","description":"Handel und Service f\u00fcr die Lebensmittelindustrie mit Schwerpunkt Naturd\u00e4rme und Export von Schlachtprodukten in Drittl\u00e4nder, vor allem die VR China.","robots":{"index":"index","follow":"follow","max-snippet":"max-snippet:-1","max-image-preview":"max-image-preview:large","max-video-preview":"max-video-preview:-1"},"canonical":"https:\/\/www.naimextraders.de\/nt\/naimextraders\/","og_locale":"de_DE","og_type":"article","og_title":"NaimexTraders -","og_description":"Handel und Service f\u00fcr die Lebensmittelindustrie mit Schwerpunkt Naturd\u00e4rme und Export von Schlachtprodukten in Drittl\u00e4nder, vor allem die VR China.","og_url":"https:\/\/www.naimextraders.de\/nt\/naimextraders\/","og_site_name":"NaimexTraders","article_modified_time":"2019-01-06T12:40:41+00:00","twitter_misc":{"Gesch\u00e4tzte Lesezeit":"3\u00a0Minuten"},"schema":{"@context":"https:\/\/schema.org","@graph":[{"@type":"WebPage","@id":"https:\/\/www.naimextraders.de\/nt\/naimextraders\/","url":"https:\/\/www.naimextraders.de\/nt\/naimextraders\/","name":"NaimexTraders -","isPartOf":{"@id":"https:\/\/www.naimextraders.de\/nt\/#website"},"datePublished":"2013-01-06T11:47:25+00:00","dateModified":"2019-01-06T12:40:41+00:00","description":"Handel und Service f\u00fcr die Lebensmittelindustrie mit Schwerpunkt Naturd\u00e4rme und Export von Schlachtprodukten in Drittl\u00e4nder, vor allem die VR China.","breadcrumb":{"@id":"https:\/\/www.naimextraders.de\/nt\/naimextraders\/#breadcrumb"},"inLanguage":"de","potentialAction":[{"@type":"ReadAction","target":["https:\/\/www.naimextraders.de\/nt\/naimextraders\/"]}]},{"@type":"BreadcrumbList","@id":"https:\/\/www.naimextraders.de\/nt\/naimextraders\/#breadcrumb","itemListElement":[{"@type":"ListItem","position":1,"name":"Home","item":"https:\/\/www.naimextraders.de\/nt\/"},{"@type":"ListItem","position":2,"name":"NaimexTraders"}]},{"@type":"WebSite","@id":"https:\/\/www.naimextraders.de\/nt\/#website","url":"https:\/\/www.naimextraders.de\/nt\/","name":"NaimexTraders","description":"Das Naturdarmhaus.","potentialAction":[{"@type":"SearchAction","target":{"@type":"EntryPoint","urlTemplate":"https:\/\/www.naimextraders.de\/nt\/?s={search_term_string}"},"query-input":{"@type":"PropertyValueSpecification","valueRequired":true,"valueName":"search_term_string"}}],"inLanguage":"de"}]}},"_links":{"self":[{"href":"https:\/\/www.naimextraders.de\/nt\/wp-json\/wp\/v2\/pages\/8","targetHints":{"allow":["GET"]}}],"collection":[{"href":"https:\/\/www.naimextraders.de\/nt\/wp-json\/wp\/v2\/pages"}],"about":[{"href":"https:\/\/www.naimextraders.de\/nt\/wp-json\/wp\/v2\/types\/page"}],"author":[{"embeddable":true,"href":"https:\/\/www.naimextraders.de\/nt\/wp-json\/wp\/v2\/users\/1"}],"replies":[{"embeddable":true,"href":"https:\/\/www.naimextraders.de\/nt\/wp-json\/wp\/v2\/comments?post=8"}],"version-history":[{"count":24,"href":"https:\/\/www.naimextraders.de\/nt\/wp-json\/wp\/v2\/pages\/8\/revisions"}],"predecessor-version":[{"id":1126,"href":"https:\/\/www.naimextraders.de\/nt\/wp-json\/wp\/v2\/pages\/8\/revisions\/1126"}],"wp:attachment":[{"href":"https:\/\/www.naimextraders.de\/nt\/wp-json\/wp\/v2\/media?parent=8"}],"curies":[{"name":"wp","href":"https:\/\/api.w.org\/{rel}","templated":true}]}}