{"id":30,"date":"2013-01-06T14:10:41","date_gmt":"2013-01-06T13:10:41","guid":{"rendered":"http:\/\/www.naimextraders.de\/nt\/?page_id=30"},"modified":"2025-08-01T09:50:27","modified_gmt":"2025-08-01T08:50:27","slug":"impressum-agb","status":"publish","type":"page","link":"https:\/\/www.naimextraders.de\/nt\/impressum-agb\/","title":{"rendered":"Impressum\/AGB"},"content":{"rendered":"<p align=\"left\">NaimexTraders GmbH<br \/>\nRosenkamp 11<br \/>\n26169 Friesoythe<br \/>\nDeutschland<\/p>\n<p align=\"left\">Tel.: +49-4491-788 1824<br \/>\nFax: +49-4491-788 1826<br \/>\neMail: mail@naimextraders.de<\/p>\n<p style=\"text-align: center;\"><img loading=\"lazy\" decoding=\"async\" class=\"size-full wp-image-671 aligncenter\" title=\"QR-Code: NaimexTraders GmbH\" src=\"https:\/\/www.naimextraders.de\/nt\/wp-content\/uploads\/2013\/01\/qrcode-66x66.png\" alt=\"QR-Code: NaimexTraders GmbH\" width=\"66\" height=\"66\" \/><\/p>\n<p>Rechtsform: GmbH<br \/>\nRegistergericht: Oldenburg (Old.), HRB 203730<br \/>\nSitz der Gesellschaft: Bad Zwischenahn<br \/>\nUSt-IdNr.: DE267064683<br \/>\nGesch\u00e4ftsf\u00fchrer: Manfred Grundt, Beate Grundt<\/p>\n<p>Gestaltung dieser Website unter Verwendung eines Designs von www.elmastudio.de: Beate Grundt<\/p>\n<p>F\u00fcr unsere T\u00e4tigkeiten gelten unsere\u00a0<a href=\"https:\/\/www.naimextraders.de\/nt\/wp-content\/uploads\/2025\/08\/AGB-Eigengeschaefte-2025.pdf\" target=\"_blank\" rel=\"noopener\">Allgemeinen Gesch\u00e4ftsbedingungen<\/a> bzw. unsere <a href=\"https:\/\/www.naimextraders.de\/nt\/wp-content\/uploads\/2025\/08\/AGB-Vermittlung-2025.pdf\">Allgemeinen Gesch\u00e4ftsbedingungen f\u00fcr unsere T\u00e4tigkeit als Vermittler<\/a>.<\/p>\n<p>Wir weisen darauf hin, dass wir kein Online-Shop oder Einzelh\u00e4ndler sind. Unsere Gesch\u00e4ftspartner sind ausschlie\u00dflich Unternehmen im In- und Ausland.<\/p>\n<p>&nbsp;<\/p>\n<h5>Haftung f\u00fcr den Inhalt des Onlineangebotes<\/h5>\n<p>Alle Inhalte und Angebote dieser Website sind freibleibend und unverbindlich. Materielle sowie immaterielle Haftungsanspr\u00fcche gegen uns als Diensteanbieter aufgrund der hier angebotenen Informationen sind grunds\u00e4tzlich ausgeschlossen. Bei der Nutzung der \u00dcbersetzungsfunktion beachten Sie bitte, dass es sich um eine maschinelle \u00dcbersetzung handelt, auf deren Richtigkeit wir keinen Einfluss haben. Ma\u00dfgeblich ist nur der Inhalt in deutscher Sprache.<br \/>\nWir behalten uns ausdr\u00fccklich vor, den Inhalt dieser Website insgesamt oder in Teilen ohne gesonderte Ank\u00fcndigung zu ver\u00e4ndern oder zu l\u00f6schen oder den Betrieb dieser Website tempor\u00e4r oder endg\u00fcltig einzustellen.<\/p>\n<h5>Haftung f\u00fcr Verweise und Links<\/h5>\n<p>Bei Verweisen und Links auf fremde Internetseiten au\u00dferhalb unseres Verantwortungsbereiches w\u00fcrde nur dann eine Haftungsverpflichtung eintreten, wenn wir von den Inhalten Kenntnis h\u00e4tten und es uns m\u00f6glich und zumutbar w\u00e4re, die Nutzung im Falle rechtswidriger Inhalte zu verhindern. Wir erkl\u00e4ren daher ausdr\u00fccklich, dass zum Zeitpunkt der Linksetzung die verlinkten Websites oder Passagen unserer Kenntnis nach frei von illegalen Inhalten waren. Da wir keinerlei Einfluss auf die aktuelle und zuk\u00fcnftige Gestaltung und auf die Inhalte der verlinkten Websites haben, distanzieren wir uns hiermit ausdr\u00fccklich von allen evtl. illegalen Inhalten aller verlinkten Websites, die nach der Linksetzung ver\u00f6ffentlicht wurden. F\u00fcr illegale, fehlerhafte oder unvollst\u00e4ndige Inhalte sowie Sch\u00e4den, die aus der Nutzung oder Nichtnutzung derartiger Informationen entstehen, haftet allein der Anbieter der Website, auf die verlinkt wurde. Sollten Sie Rechtsverletzungen entdecken, informieren Sie uns bitte, damit wir den bzw. die monierten Links pr\u00fcfen und derartige Inhalte umgehend entfernen k\u00f6nnen.<\/p>\n<h5>Urheberrecht<\/h5>\n<p>Die von uns erstellten Inhalte und Werke auf dieser Website unterliegen dem deutschen Urheberrecht. Downloads und Kopien dieser Seite sind nur f\u00fcr den privaten, nicht-kommerziellen Gebrauch gestattet. Die Vervielf\u00e4ltigung, Bearbeitung, Verbreitung und jede Art der Verwertung au\u00dferhalb dieser Grenzen bed\u00fcrfen unserer schriftlichen Zustimmung. Soweit die Inhalte auf dieser Seite nicht von uns erstellt wurden, werden die Urheberrechte Dritter beachtet. Sollten Sie trotzdem auf eine Urheberrechtsverletzung aufmerksam werden, bitten wir um einen entsprechenden Hinweis.<\/p>\n<h5>Werbeverbot<\/h5>\n<p>Der Nutzung unserer im Rahmen der Impressumspflicht ver\u00f6ffentlichten Kontaktdaten durch Dritte zur \u00dcbersendung von nicht ausdr\u00fccklich angeforderter Werbung oder Informationsmaterialien wird hiermit ausnahmslos widersprochen. Im Falle der unverlangten Zusendung von Werbeinformationen, etwa durch Spam-Mails, behalten wir uns rechtliche Schritte vor.<\/p>\n","protected":false},"excerpt":{"rendered":"<p>NaimexTraders GmbH Rosenkamp 11 26169 Friesoythe Deutschland Tel.: +49-4491-788 1824 Fax: +49-4491-788 1826 eMail: mail@naimextraders.de Rechtsform: GmbH Registergericht: Oldenburg (Old.), HRB 203730 Sitz der Gesellschaft: Bad Zwischenahn USt-IdNr.: DE267064683 Gesch\u00e4ftsf\u00fchrer: Manfred Grundt, Beate Grundt Gestaltung dieser Website unter Verwendung eines &hellip; <a href=\"https:\/\/www.naimextraders.de\/nt\/impressum-agb\/\">Weiterlesen &rarr;<\/a><\/p>\n","protected":false},"author":1,"featured_media":0,"parent":0,"menu_order":6,"comment_status":"closed","ping_status":"closed","template":"","meta":{"footnotes":""},"class_list":["post-30","page","type-page","status-publish","hentry"],"yoast_head":"<!-- This site is optimized with the Yoast SEO plugin v27.5 - https:\/\/yoast.com\/product\/yoast-seo-wordpress\/ -->\n<title>Impressum\/AGB -<\/title>\n<meta name=\"description\" content=\"NaimexTraders. Impressum\" \/>\n<meta name=\"robots\" content=\"index, follow, max-snippet:-1, max-image-preview:large, max-video-preview:-1\" \/>\n<link rel=\"canonical\" href=\"https:\/\/www.naimextraders.de\/nt\/impressum-agb\/\" \/>\n<meta property=\"og:locale\" content=\"de_DE\" \/>\n<meta property=\"og:type\" content=\"article\" \/>\n<meta property=\"og:title\" content=\"Impressum\/AGB -\" \/>\n<meta property=\"og:description\" content=\"NaimexTraders. Impressum\" \/>\n<meta property=\"og:url\" content=\"https:\/\/www.naimextraders.de\/nt\/impressum-agb\/\" \/>\n<meta property=\"og:site_name\" content=\"NaimexTraders\" \/>\n<meta property=\"article:modified_time\" content=\"2025-08-01T08:50:27+00:00\" \/>\n<meta property=\"og:image\" content=\"https:\/\/www.naimextraders.de\/nt\/wp-content\/uploads\/2013\/01\/qrcode-66x66.png\" \/>\n\t<meta property=\"og:image:width\" content=\"66\" \/>\n\t<meta property=\"og:image:height\" content=\"66\" \/>\n\t<meta property=\"og:image:type\" content=\"image\/png\" \/>\n<meta name=\"twitter:label1\" content=\"Gesch\u00e4tzte Lesezeit\" \/>\n\t<meta name=\"twitter:data1\" content=\"3\u00a0Minuten\" \/>\n<script type=\"application\/ld+json\" class=\"yoast-schema-graph\">{\"@context\":\"https:\\\/\\\/schema.org\",\"@graph\":[{\"@type\":\"WebPage\",\"@id\":\"https:\\\/\\\/www.naimextraders.de\\\/nt\\\/impressum-agb\\\/\",\"url\":\"https:\\\/\\\/www.naimextraders.de\\\/nt\\\/impressum-agb\\\/\",\"name\":\"Impressum\\\/AGB -\",\"isPartOf\":{\"@id\":\"https:\\\/\\\/www.naimextraders.de\\\/nt\\\/#website\"},\"primaryImageOfPage\":{\"@id\":\"https:\\\/\\\/www.naimextraders.de\\\/nt\\\/impressum-agb\\\/#primaryimage\"},\"image\":{\"@id\":\"https:\\\/\\\/www.naimextraders.de\\\/nt\\\/impressum-agb\\\/#primaryimage\"},\"thumbnailUrl\":\"https:\\\/\\\/www.naimextraders.de\\\/nt\\\/wp-content\\\/uploads\\\/2013\\\/01\\\/qrcode-66x66.png\",\"datePublished\":\"2013-01-06T13:10:41+00:00\",\"dateModified\":\"2025-08-01T08:50:27+00:00\",\"description\":\"NaimexTraders. Impressum\",\"breadcrumb\":{\"@id\":\"https:\\\/\\\/www.naimextraders.de\\\/nt\\\/impressum-agb\\\/#breadcrumb\"},\"inLanguage\":\"de\",\"potentialAction\":[{\"@type\":\"ReadAction\",\"target\":[\"https:\\\/\\\/www.naimextraders.de\\\/nt\\\/impressum-agb\\\/\"]}]},{\"@type\":\"ImageObject\",\"inLanguage\":\"de\",\"@id\":\"https:\\\/\\\/www.naimextraders.de\\\/nt\\\/impressum-agb\\\/#primaryimage\",\"url\":\"https:\\\/\\\/www.naimextraders.de\\\/nt\\\/wp-content\\\/uploads\\\/2013\\\/01\\\/qrcode-66x66.png\",\"contentUrl\":\"https:\\\/\\\/www.naimextraders.de\\\/nt\\\/wp-content\\\/uploads\\\/2013\\\/01\\\/qrcode-66x66.png\"},{\"@type\":\"BreadcrumbList\",\"@id\":\"https:\\\/\\\/www.naimextraders.de\\\/nt\\\/impressum-agb\\\/#breadcrumb\",\"itemListElement\":[{\"@type\":\"ListItem\",\"position\":1,\"name\":\"Home\",\"item\":\"https:\\\/\\\/www.naimextraders.de\\\/nt\\\/\"},{\"@type\":\"ListItem\",\"position\":2,\"name\":\"Impressum\\\/AGB\"}]},{\"@type\":\"WebSite\",\"@id\":\"https:\\\/\\\/www.naimextraders.de\\\/nt\\\/#website\",\"url\":\"https:\\\/\\\/www.naimextraders.de\\\/nt\\\/\",\"name\":\"NaimexTraders\",\"description\":\"Das Naturdarmhaus.\",\"potentialAction\":[{\"@type\":\"SearchAction\",\"target\":{\"@type\":\"EntryPoint\",\"urlTemplate\":\"https:\\\/\\\/www.naimextraders.de\\\/nt\\\/?s={search_term_string}\"},\"query-input\":{\"@type\":\"PropertyValueSpecification\",\"valueRequired\":true,\"valueName\":\"search_term_string\"}}],\"inLanguage\":\"de\"}]}<\/script>\n<!-- \/ Yoast SEO plugin. -->","yoast_head_json":{"title":"Impressum\/AGB -","description":"NaimexTraders. Impressum","robots":{"index":"index","follow":"follow","max-snippet":"max-snippet:-1","max-image-preview":"max-image-preview:large","max-video-preview":"max-video-preview:-1"},"canonical":"https:\/\/www.naimextraders.de\/nt\/impressum-agb\/","og_locale":"de_DE","og_type":"article","og_title":"Impressum\/AGB -","og_description":"NaimexTraders. Impressum","og_url":"https:\/\/www.naimextraders.de\/nt\/impressum-agb\/","og_site_name":"NaimexTraders","article_modified_time":"2025-08-01T08:50:27+00:00","og_image":[{"width":66,"height":66,"url":"https:\/\/www.naimextraders.de\/nt\/wp-content\/uploads\/2013\/01\/qrcode-66x66.png","type":"image\/png"}],"twitter_misc":{"Gesch\u00e4tzte Lesezeit":"3\u00a0Minuten"},"schema":{"@context":"https:\/\/schema.org","@graph":[{"@type":"WebPage","@id":"https:\/\/www.naimextraders.de\/nt\/impressum-agb\/","url":"https:\/\/www.naimextraders.de\/nt\/impressum-agb\/","name":"Impressum\/AGB -","isPartOf":{"@id":"https:\/\/www.naimextraders.de\/nt\/#website"},"primaryImageOfPage":{"@id":"https:\/\/www.naimextraders.de\/nt\/impressum-agb\/#primaryimage"},"image":{"@id":"https:\/\/www.naimextraders.de\/nt\/impressum-agb\/#primaryimage"},"thumbnailUrl":"https:\/\/www.naimextraders.de\/nt\/wp-content\/uploads\/2013\/01\/qrcode-66x66.png","datePublished":"2013-01-06T13:10:41+00:00","dateModified":"2025-08-01T08:50:27+00:00","description":"NaimexTraders. Impressum","breadcrumb":{"@id":"https:\/\/www.naimextraders.de\/nt\/impressum-agb\/#breadcrumb"},"inLanguage":"de","potentialAction":[{"@type":"ReadAction","target":["https:\/\/www.naimextraders.de\/nt\/impressum-agb\/"]}]},{"@type":"ImageObject","inLanguage":"de","@id":"https:\/\/www.naimextraders.de\/nt\/impressum-agb\/#primaryimage","url":"https:\/\/www.naimextraders.de\/nt\/wp-content\/uploads\/2013\/01\/qrcode-66x66.png","contentUrl":"https:\/\/www.naimextraders.de\/nt\/wp-content\/uploads\/2013\/01\/qrcode-66x66.png"},{"@type":"BreadcrumbList","@id":"https:\/\/www.naimextraders.de\/nt\/impressum-agb\/#breadcrumb","itemListElement":[{"@type":"ListItem","position":1,"name":"Home","item":"https:\/\/www.naimextraders.de\/nt\/"},{"@type":"ListItem","position":2,"name":"Impressum\/AGB"}]},{"@type":"WebSite","@id":"https:\/\/www.naimextraders.de\/nt\/#website","url":"https:\/\/www.naimextraders.de\/nt\/","name":"NaimexTraders","description":"Das Naturdarmhaus.","potentialAction":[{"@type":"SearchAction","target":{"@type":"EntryPoint","urlTemplate":"https:\/\/www.naimextraders.de\/nt\/?s={search_term_string}"},"query-input":{"@type":"PropertyValueSpecification","valueRequired":true,"valueName":"search_term_string"}}],"inLanguage":"de"}]}},"_links":{"self":[{"href":"https:\/\/www.naimextraders.de\/nt\/wp-json\/wp\/v2\/pages\/30","targetHints":{"allow":["GET"]}}],"collection":[{"href":"https:\/\/www.naimextraders.de\/nt\/wp-json\/wp\/v2\/pages"}],"about":[{"href":"https:\/\/www.naimextraders.de\/nt\/wp-json\/wp\/v2\/types\/page"}],"author":[{"embeddable":true,"href":"https:\/\/www.naimextraders.de\/nt\/wp-json\/wp\/v2\/users\/1"}],"replies":[{"embeddable":true,"href":"https:\/\/www.naimextraders.de\/nt\/wp-json\/wp\/v2\/comments?post=30"}],"version-history":[{"count":75,"href":"https:\/\/www.naimextraders.de\/nt\/wp-json\/wp\/v2\/pages\/30\/revisions"}],"predecessor-version":[{"id":1321,"href":"https:\/\/www.naimextraders.de\/nt\/wp-json\/wp\/v2\/pages\/30\/revisions\/1321"}],"wp:attachment":[{"href":"https:\/\/www.naimextraders.de\/nt\/wp-json\/wp\/v2\/media?parent=30"}],"curies":[{"name":"wp","href":"https:\/\/api.w.org\/{rel}","templated":true}]}}