{"id":21,"date":"2013-01-06T14:07:52","date_gmt":"2013-01-06T13:07:52","guid":{"rendered":"http:\/\/www.naimextraders.de\/nt\/?page_id=21"},"modified":"2018-05-17T14:52:46","modified_gmt":"2018-05-17T13:52:46","slug":"naturdaerme","status":"publish","type":"page","link":"https:\/\/www.naimextraders.de\/nt\/naturdaerme\/","title":{"rendered":"Naturd\u00e4rme"},"content":{"rendered":"<h4>Geschichte<\/h4>\n<p>Wurst ist die vermutlich \u00e4lteste Form von verarbeitetem Fleisch. Manche betrachten sie sogar als das erste &#8222;Fertiggericht&#8220; der Welt.<\/p>\n<p style=\"text-align: left;\">Die Geschichte der Wurstherstellung verl\u00e4uft parallel zu der von Mensch und Zivilisation. In der Tat wurde der Darmtrakt der zu Fleisch verarbeiteten Tiere seitdem die Menschen Fleisch essen schon immer als Wursthaut verwendet. Eine gro\u00dfe Vielzahl von W\u00fcrsten wird bis heute weltweit unter Verwendung der verarbeiteten D\u00e4rme (und anderen Innereien) von Schweinen, Schafen, Ziegen und Rindern sowie in geringer Zahl von Pferden hergestellt.<\/p>\n<h5>Wurst &#8211; 6000 Jahre alt<\/h5>\n<p><img loading=\"lazy\" decoding=\"async\" class=\"wp-image-63       alignleft\" title=\"Schafbock, ca. 1400, Lombardei\" src=\"https:\/\/www.naimextraders.de\/nt\/wp-content\/uploads\/2013\/01\/Schafbock_ca1400_Lombardei.jpg\" alt=\"\" width=\"338\" height=\"225\" srcset=\"https:\/\/www.naimextraders.de\/nt\/wp-content\/uploads\/2013\/01\/Schafbock_ca1400_Lombardei.jpg 704w, https:\/\/www.naimextraders.de\/nt\/wp-content\/uploads\/2013\/01\/Schafbock_ca1400_Lombardei-300x199.jpg 300w\" sizes=\"auto, (max-width: 338px) 100vw, 338px\" \/><\/p>\n<p style=\"text-align: left;\">Es wird oft angenommen, dass Wurst circa 4000 v. Chr. von den Sumerern im Gebiet des heutigen Irak erfunden wurde. Hinweise auf ein gekochtes Fleischprodukt, das wie eine Wurst in einen Ziegenmagen gef\u00fcllt wurde, gibt es aus Babylon, wo es als Rezept im \u00e4ltesten Kochbuch der Welt bereits vor 3750 Jahren beschrieben wurde (Yale Babylonian Collection, New Haven, Connecticut, USA).<\/p>\n<p style=\"text-align: left;\">Die chinesische Wurst L\u00e0ch\u00e1ng, die aus Ziegen- und Lammfleisch besteht, wurde erstmals im Jahr 589 v. Chr. erw\u00e4hnt. Der griechische Dichter Homer erw\u00e4hnte in seiner vermutlich um 720 v. Chr. geschriebenen Odyssee eine Art Blutwurst (Buch 20, Vers 25), Epicharmos (circa 550 \u2013 460 v. Chr.) schrieb eine Kom\u00f6die mit dem Titel &#8222;Die Wurst&#8220; und die alten R\u00f6mer liebten &#8222;tomacula ferventia&#8220;, hei\u00dfe W\u00fcrstchen, als Vorspeise. Blutwurst kannte man auch im antiken \u00c4gypten.<\/p>\n<h5 style=\"text-align: left;\">Mittelalter<\/h5>\n<p style=\"text-align: left;\">Jedoch erst w\u00e4hrend der letzten tausend Jahre wurde die Wurstherstellung zu einem ehrw\u00fcrdigen und hoch entwickelten Handwerk. Es entstand eine gro\u00dfe Tradition \u2013 anspruchsvoll und dennoch pers\u00f6nlich. Viele Familien haben ihre besondere Kunst \u00fcber dutzende Generationen und Nationen hinweg weitergegeben, und jeder Wurstmacher steuerte seinen Geschmack und sein Erbe bei. Auch Regionalit\u00e4t spielt eine wichtige Rolle, die Wurstproduktion wurde immer auch durch die verf\u00fcgbaren Zutaten und die Nachfrage des Marktes beeinflusst.<\/p>\n<h5>Das zwanzigste Jahrhundert<\/h5>\n<p>brachte die Industrielle Revolution, die mit neuen Technologien auf die Weltb\u00fchne platzte, und die Weltbev\u00f6lkerung wuchs um Milliarden. Diese &#8222;doppelte Wucht&#8220; erzeugte den Bedarf an Massenproduktion in geradezu allen Industriebereichen, besonders auch bei Lebensmitteln. Anfangs bestanden die Ziele der Massenproduktion vorrangig aus &#8222;Qualit\u00e4t&#8220; und &#8222;Geschwindigkeit&#8220;. Mit der Zeit bekam die &#8222;Qualit\u00e4t&#8220; auch dank neuer Technologien allerdings immer mehr Gewicht. Die Fleisch verarbeitende Industrie wurde mit ihren eigenen Herausforderungen und Anforderungen bez\u00fcglich Schlachtung, Verarbeitung und Lebensmittelsicherheit konfrontiert. &#8222;Effizienz&#8220; und &#8222;Qualit\u00e4t&#8220; wurden der Ma\u00dfstab f\u00fcr Hersteller, die mit diesen Herausforderungen wuchsen und es schafften, den Anforderungen der Zeit Stand zu halten.<\/p>\n<h5>Und heute?<\/h5>\n<p>Die Wurstherstellung hat sich inzwischen zu einem hoch spezialisierten Gesch\u00e4ft entwickelt, in dem sich Produzenten nach der Art von &#8222;Fleischer Fachgesch\u00e4ften&#8220; mit einzigartiger Feinschmecker-Wurst genauso finden wie Konzerne, die jede Woche Millionen Kilo Wurst f\u00fcr breite K\u00e4uferschichten herstellen.<\/p>\n<h4>Verwendung \u2013 nicht nur f\u00fcr Wurst<strong><br \/>\n<\/strong><\/h4>\n<p>Es ist weithin bekannt, dass Naturd\u00e4rme auch heute noch zur Herstellung von Saiten f\u00fcr Musikinstrumente oder Tennisschl\u00e4ger verwendet werden. Bekannt ist vielleicht auch noch, dass aus ihnen sogenanntes Katgut zum Vern\u00e4hen von Wunden hergestellt wird; der griechische Arzt Gal\u00e9n hat bereits im 2. Jahrhundert hier\u00fcber berichtet.<\/p>\n<p>Als <a title=\"Wikipedia: Johann Philipp Reis\" href=\"http:\/\/de.wikipedia.org\/wiki\/Philipp_Reis\" target=\"_blank\">Johann Philipp Reis<\/a> im Jahre 1861 das von ihm entwickelte Telefon in Frankfurt\/Main der Welt\u00f6ffentlichkeit mit der Durchsage &#8222;Das Pferd frisst keinen Gurkensalat&#8220; vorstellte, war der Naturdarm ebenfalls dabei. Denn Grundlage f\u00fcr seine Experimente war das Holzmodell einer Ohrmuschel, im dem er ein aus Schweinedarm geformtes &#8222;Trommelfell&#8220; verwendete. Ein feiner Platinstreifen simulierte die Geh\u00f6rkn\u00f6chelchen.<\/p>\n<h5>Klerus und Naturdarm<\/h5>\n<p>Eine besondere und den meisten nicht bekannte Verwendung von Naturd\u00e4rmen kann man im <a title=\"Dom und Domschatz Halberstadt\" href=\"http:\/\/www.dom-und-domschatz.de\/\" target=\"_blank\">Domschatz von Halberstadt<\/a> bewundern: die H\u00e4utchengoldf\u00e4den auf kirchlichen Messgew\u00e4ndern. Die Textilrestauratorin, die die Halberst\u00e4dter Textilsch\u00e4tze seinerzeit betreute, schrieb uns auf unsere Anfrage nach einer Besichtigung im Jahre 2008:<br \/>\n&#8222;H\u00e4utchengoldf\u00e4den wurden vom sp\u00e4ten 10. bis zum mittleren 16. Jahrhundert verwendet. An der Oberseite vergoldete oder versilberte, in d\u00fcnne Streifen geschnittene Darmh\u00e4utchen wurden um eine Seele (Seiden- oder Leinenfaden) gewickelt. Da das Material recht kostbar war, wurde es beim Sticken so verarbeitet, dass der Goldfaden nur an der Schauseite sichtbar war. Der Goldfaden wurde auf den Stickgrund gelegt und mit oft farbigen Seiden- oder Leinenf\u00e4den &#8222;angelegt&#8220;, also befestigt, wobei durch die sichtbaren Anlegestiche verschiedenartige Musterungen zustande kamen.&#8220; (Danke, Frau Frank!)<br \/>\nFahren Sie mal hin, es lohnt sich.<\/p>\n<h5>Andere Innereien<\/h5>\n<p>Hauptverwendung finden Naturd\u00e4rme jedoch seit jeher in der Wurstproduktion, und das wird wohl auch so bleiben. Dabei k\u00fcmmern sich Naturdarmproduzenten und -h\u00e4ndler allerdings nicht nur um die D\u00e4rme der Schlachttiere, sondern auch um andere Innereien, die verschiedenste weitere Verwendungsm\u00f6glichkeiten haben. So werden Schweinem\u00e4gen f\u00fcr die Herstellung diverser Fleischgerichte benutzt (z.B. Pf\u00e4lzer Saumagen, Schottischer Haggis), Schweine- und Rinderblasen f\u00fcr Rot- und Bierwurst. Schweinem\u00e4gen dienten dar\u00fcber hinaus der Aufbewahrung von Fl\u00fcssigkeiten auch auf Reisen, <a title=\"Wikipedia: Thomas Henry, Herstellung von Sodawasser\" href=\"http:\/\/de.wikipedia.org\/wiki\/Thomas_Henry_%28Apotheker%29\" target=\"_blank\">Thomas Henry<\/a> benutzte im 18. Jahrhundert bei Versuchen zur Herstellung von Sodawasser Schweineblasen zur Einleitung von Kohlens\u00e4ure. Und w\u00e4hrend der Rinder-Blinddarm noch heute f\u00fcr original italienische Mortadella verwendet wird, stellt man bereits seit Jahrhunderten (und seit einigen Jahren wieder) aus dem Blinddarm von Schafen <a title=\"Wikipedia: Abbildung eines Kondoms aus Tierdarm mit Seidenb\u00e4ndern und lateinischer Gebrauchsanleitung von 1813\" href=\"http:\/\/de.wikipedia.org\/w\/index.php?title=Datei:Condom_with_manual_from_1813.jpg&amp;filetimestamp=20070101172248\" target=\"_blank\">Naturkondome<\/a> her.<\/p>\n<h4>Ein Naturprodukt mit speziellen Eigenschaften<\/h4>\n<p>Naturd\u00e4rme sind h\u00f6chst vielseitig. Sie haben Eigenschaften, mit denen keine von Menschen hergestellte Wurstpelle mithalten kann:<\/p>\n<ul>\n<li>Sie sind gut rauchdurchl\u00e4ssig.<\/li>\n<li>Naturd\u00e4rme besitzen ausgezeichnete Elastizit\u00e4ts- und Zugeigenschaften, die eine hoch effiziente Produktion und eine hohe Dehnbarkeit w\u00e4hrend des F\u00fcllens erlauben.<\/li>\n<li>Durch ihre ausgezeichnete Stabilit\u00e4t erm\u00f6glichen sie maximale F\u00fcllergebnisse.<\/li>\n<li>Sie sch\u00fctzen den feinen Geschmack der Wurst, ohne ihn durch einen Eigengeschmack zu verfremden.<\/li>\n<li>Wurst im Naturdarm hat den gewissen &#8222;Biss&#8220;, wie Sie ihn bei keinem k\u00fcnstlich hergestellten Produkt finden werden und der von den heutigen anspruchsvollen Kunden so sehr gew\u00fcnscht wird.<\/li>\n<li>Die osmotische Qualit\u00e4t von Naturd\u00e4rmen verleiht der Wurst hervorragende Kocheigenschaften und erm\u00f6glicht dank ihrer Porosit\u00e4t das gleichm\u00e4\u00dfige Reifen von Salami und anderen Rohw\u00fcrsten.<\/li>\n<li>Naturd\u00e4rme sind der beste N\u00e4hrboden f\u00fcr Edelschimmel, der f\u00fcr zus\u00e4tzliche W\u00fcrze und ein besonderes Aroma in Salamis und anderen Rohw\u00fcrsten sorgt.<\/li>\n<li>Naturd\u00e4rme bieten nicht nur das beste Aroma, sondern auch das beste Aussehen f\u00fcr Ihr Produkt.<\/li>\n<li>Das Wort &#8222;Natur&#8220; ist und bleibt eines der schlagkr\u00e4ftigsten W\u00f6rter bei der Kaufentscheidung der Kunden.<\/li>\n<\/ul>\n<h4>Umwelt und Ressourcen<strong><br \/>\n<\/strong><\/h4>\n<div id=\"attachment_505\" style=\"width: 163px\" class=\"wp-caption alignleft\"><img loading=\"lazy\" decoding=\"async\" aria-describedby=\"caption-attachment-505\" class=\" wp-image-505\" src=\"https:\/\/www.naimextraders.de\/nt\/wp-content\/uploads\/2013\/01\/Schaf-Schatten-wei\u00df1.jpg\" alt=\"Schaf-Schatten-wei\u00df\" width=\"153\" height=\"104\" \/><p id=\"caption-attachment-505\" class=\"wp-caption-text\">\u00a9 cglightNing \/ Fotolia.com<\/p><\/div>\n<p style=\"text-align: left;\">Im Sinne einer die Ressourcen schonenden und umweltbewussten Lebensmittelproduktion ist es unseres Erachtens unerl\u00e4sslich, dass Tiere, die dem menschlichen Verzehr dienen, so vollst\u00e4ndig wie m\u00f6glich verwertet werden. Hierdurch sparen nicht nur die Schlachtbetriebe Kosten, die sie andernfalls f\u00fcr Konfiskate zahlen m\u00fcssen, sondern es ist auch ethisch kaum vertretbar, verwendbare Produkte zu vernichten.<\/p>\n<div id=\"attachment_507\" style=\"width: 185px\" class=\"wp-caption alignright\"><img loading=\"lazy\" decoding=\"async\" aria-describedby=\"caption-attachment-507\" class=\"size-full wp-image-507 \" src=\"https:\/\/www.naimextraders.de\/nt\/wp-content\/uploads\/2013\/01\/Schwein-Schatten-wei\u00df2.jpg\" alt=\"Schwein-Schatten-wei\u00df\" width=\"175\" height=\"118\" \/><p id=\"caption-attachment-507\" class=\"wp-caption-text\">\u00a9 cglightNing \/ Fotolia.com<\/p><\/div>\n<p style=\"text-align: left;\">Die Eigenproduktion macht zudem unabh\u00e4ngiger von Importen.<\/p>\n<p style=\"text-align: left;\">Wir w\u00fcnschen uns daher, dass eines Tages alle Naturd\u00e4rme, Innereien und Schlachtnebenprodukte, die in den Schlachtbetrieben anfallen, f\u00fcr die Lebensmittelproduktion verwendet werden.<\/p>\n<h5>Da wir immer wieder danach gefragt werden, abschlie\u00dfend ein paar Informationen zum<\/h5>\n<h4>Lagern und F\u00fcllen von Naturd\u00e4rmen.<\/h4>\n<p align=\"left\">Naturd\u00e4rme sollten bei k\u00fchlen 6 bis 8 Grad Celsius gelagert werden. (Anmerkung: Es gibt jedoch Studien mit dem Ergebnis, dass die Lagerung bei einer Raumtemperatur von um 20\u00b0 C optimal ist.)<\/p>\n<p align=\"left\">Dabei m\u00fcssen die D\u00e4rme mit Lake oder Salz luftdicht abgedeckt und in geschlossenen Beh\u00e4ltnissen gegen Licht gesch\u00fctzt gelagert werden.<br \/>\nSofern Sie gesalzene Naturd\u00e4rme mit einem MHD von mehr als 180 Tagen kaufen, sollten Sie diese F\u00e4sser nach sp\u00e4testens 180 Tagen \u00f6ffnen, kontrollieren und den Salzspiegel ggf. mit frischem feuchtem Salz auff\u00fcllen, um Salzrost zu verhindern.<\/p>\n<p align=\"left\">Vor dem F\u00fcllen wird der Naturdarm, auch wenn er f\u00fcllfertig geliefert wurde, durch W\u00e4ssern sorgf\u00e4ltig entsalzen.<\/p>\n<p align=\"left\">Die D\u00e4rme sollten &#8211; je nach Wandst\u00e4rke &#8211; zwischen 1 und 12 Stunden in Wasser einweichen.<\/p>\n<p align=\"left\">Unmittelbar vor dem F\u00fcllen werden sie in lauwarmes (!) Wasser gelegt, damit &#8230;<\/p>\n<ul>\n<li>sich die Bindegewebsfasern der Darmwand dehnen.<\/li>\n<li>die D\u00e4rme f\u00fcr das F\u00fcllen geschmeidig werden.<\/li>\n<\/ul>\n<p align=\"left\">Wichtig beim F\u00fcllen: Die T\u00fclle muss dem Kaliber des Darms entsprechen, um &#8230;<\/p>\n<ul>\n<li>eine maximale Elastizit\u00e4t zu erreichen.<\/li>\n<li>eine volle Ausnutzung des vorgegebenen Kalibers und der zugesicherten Eigenschaften zu gew\u00e4hrleisten.<\/li>\n<\/ul>\n<p align=\"left\">Bereits eingeweichte Naturd\u00e4rme, die nicht gebraucht werden, k\u00f6nnen problemlos nur mit Salz konserviert werden.<\/p>\n<address>obere Abbildung: Schafbock, ca. 1400, Lombardei; aus der Handschrift &#8222;Placitus, Sextus, Papyriensis. Liber medicinae ex animalibus&#8220;, digitale Sammlung der UCLA (public domain)<\/address>\n","protected":false},"excerpt":{"rendered":"<p>Geschichte Wurst ist die vermutlich \u00e4lteste Form von verarbeitetem Fleisch. Manche betrachten sie sogar als das erste &#8222;Fertiggericht&#8220; der Welt. Die Geschichte der Wurstherstellung verl\u00e4uft parallel zu der von Mensch und Zivilisation. In der Tat wurde der Darmtrakt der zu &hellip; <a href=\"https:\/\/www.naimextraders.de\/nt\/naturdaerme\/\">Weiterlesen &rarr;<\/a><\/p>\n","protected":false},"author":1,"featured_media":0,"parent":0,"menu_order":3,"comment_status":"closed","ping_status":"closed","template":"","meta":{"footnotes":""},"class_list":["post-21","page","type-page","status-publish","hentry"],"yoast_head":"<!-- This site is optimized with the Yoast SEO plugin v27.5 - https:\/\/yoast.com\/product\/yoast-seo-wordpress\/ -->\n<title>Naturd\u00e4rme -<\/title>\n<meta name=\"description\" content=\"Jahrtausende alt und noch immer aktuell: Naturd\u00e4rme. Interessantes und Wissenswertes rund um die einzige nat\u00fcrliche Pelle mit dem richtigen Biss.\" \/>\n<meta name=\"robots\" content=\"index, follow, max-snippet:-1, max-image-preview:large, max-video-preview:-1\" \/>\n<link rel=\"canonical\" href=\"https:\/\/www.naimextraders.de\/nt\/naturdaerme\/\" \/>\n<meta property=\"og:locale\" content=\"de_DE\" \/>\n<meta property=\"og:type\" content=\"article\" \/>\n<meta property=\"og:title\" content=\"Naturd\u00e4rme -\" \/>\n<meta property=\"og:description\" content=\"Jahrtausende alt und noch immer aktuell: Naturd\u00e4rme. Interessantes und Wissenswertes rund um die einzige nat\u00fcrliche Pelle mit dem richtigen Biss.\" \/>\n<meta property=\"og:url\" content=\"https:\/\/www.naimextraders.de\/nt\/naturdaerme\/\" \/>\n<meta property=\"og:site_name\" content=\"NaimexTraders\" \/>\n<meta property=\"article:modified_time\" content=\"2018-05-17T13:52:46+00:00\" \/>\n<meta property=\"og:image\" content=\"https:\/\/www.naimextraders.de\/nt\/wp-content\/uploads\/2013\/01\/Schafbock_ca1400_Lombardei.jpg\" \/>\n<meta name=\"twitter:label1\" content=\"Gesch\u00e4tzte Lesezeit\" \/>\n\t<meta name=\"twitter:data1\" content=\"7\u00a0Minuten\" \/>\n<script type=\"application\/ld+json\" class=\"yoast-schema-graph\">{\"@context\":\"https:\\\/\\\/schema.org\",\"@graph\":[{\"@type\":\"WebPage\",\"@id\":\"https:\\\/\\\/www.naimextraders.de\\\/nt\\\/naturdaerme\\\/\",\"url\":\"https:\\\/\\\/www.naimextraders.de\\\/nt\\\/naturdaerme\\\/\",\"name\":\"Naturd\u00e4rme -\",\"isPartOf\":{\"@id\":\"https:\\\/\\\/www.naimextraders.de\\\/nt\\\/#website\"},\"primaryImageOfPage\":{\"@id\":\"https:\\\/\\\/www.naimextraders.de\\\/nt\\\/naturdaerme\\\/#primaryimage\"},\"image\":{\"@id\":\"https:\\\/\\\/www.naimextraders.de\\\/nt\\\/naturdaerme\\\/#primaryimage\"},\"thumbnailUrl\":\"https:\\\/\\\/www.naimextraders.de\\\/nt\\\/wp-content\\\/uploads\\\/2013\\\/01\\\/Schafbock_ca1400_Lombardei.jpg\",\"datePublished\":\"2013-01-06T13:07:52+00:00\",\"dateModified\":\"2018-05-17T13:52:46+00:00\",\"description\":\"Jahrtausende alt und noch immer aktuell: Naturd\u00e4rme. Interessantes und Wissenswertes rund um die einzige nat\u00fcrliche Pelle mit dem richtigen Biss.\",\"breadcrumb\":{\"@id\":\"https:\\\/\\\/www.naimextraders.de\\\/nt\\\/naturdaerme\\\/#breadcrumb\"},\"inLanguage\":\"de\",\"potentialAction\":[{\"@type\":\"ReadAction\",\"target\":[\"https:\\\/\\\/www.naimextraders.de\\\/nt\\\/naturdaerme\\\/\"]}]},{\"@type\":\"ImageObject\",\"inLanguage\":\"de\",\"@id\":\"https:\\\/\\\/www.naimextraders.de\\\/nt\\\/naturdaerme\\\/#primaryimage\",\"url\":\"https:\\\/\\\/www.naimextraders.de\\\/nt\\\/wp-content\\\/uploads\\\/2013\\\/01\\\/Schafbock_ca1400_Lombardei.jpg\",\"contentUrl\":\"https:\\\/\\\/www.naimextraders.de\\\/nt\\\/wp-content\\\/uploads\\\/2013\\\/01\\\/Schafbock_ca1400_Lombardei.jpg\",\"width\":704,\"height\":469},{\"@type\":\"BreadcrumbList\",\"@id\":\"https:\\\/\\\/www.naimextraders.de\\\/nt\\\/naturdaerme\\\/#breadcrumb\",\"itemListElement\":[{\"@type\":\"ListItem\",\"position\":1,\"name\":\"Home\",\"item\":\"https:\\\/\\\/www.naimextraders.de\\\/nt\\\/\"},{\"@type\":\"ListItem\",\"position\":2,\"name\":\"Naturd\u00e4rme\"}]},{\"@type\":\"WebSite\",\"@id\":\"https:\\\/\\\/www.naimextraders.de\\\/nt\\\/#website\",\"url\":\"https:\\\/\\\/www.naimextraders.de\\\/nt\\\/\",\"name\":\"NaimexTraders\",\"description\":\"Das Naturdarmhaus.\",\"potentialAction\":[{\"@type\":\"SearchAction\",\"target\":{\"@type\":\"EntryPoint\",\"urlTemplate\":\"https:\\\/\\\/www.naimextraders.de\\\/nt\\\/?s={search_term_string}\"},\"query-input\":{\"@type\":\"PropertyValueSpecification\",\"valueRequired\":true,\"valueName\":\"search_term_string\"}}],\"inLanguage\":\"de\"}]}<\/script>\n<!-- \/ Yoast SEO plugin. -->","yoast_head_json":{"title":"Naturd\u00e4rme -","description":"Jahrtausende alt und noch immer aktuell: Naturd\u00e4rme. Interessantes und Wissenswertes rund um die einzige nat\u00fcrliche Pelle mit dem richtigen Biss.","robots":{"index":"index","follow":"follow","max-snippet":"max-snippet:-1","max-image-preview":"max-image-preview:large","max-video-preview":"max-video-preview:-1"},"canonical":"https:\/\/www.naimextraders.de\/nt\/naturdaerme\/","og_locale":"de_DE","og_type":"article","og_title":"Naturd\u00e4rme -","og_description":"Jahrtausende alt und noch immer aktuell: Naturd\u00e4rme. Interessantes und Wissenswertes rund um die einzige nat\u00fcrliche Pelle mit dem richtigen Biss.","og_url":"https:\/\/www.naimextraders.de\/nt\/naturdaerme\/","og_site_name":"NaimexTraders","article_modified_time":"2018-05-17T13:52:46+00:00","og_image":[{"url":"https:\/\/www.naimextraders.de\/nt\/wp-content\/uploads\/2013\/01\/Schafbock_ca1400_Lombardei.jpg","type":"","width":"","height":""}],"twitter_misc":{"Gesch\u00e4tzte Lesezeit":"7\u00a0Minuten"},"schema":{"@context":"https:\/\/schema.org","@graph":[{"@type":"WebPage","@id":"https:\/\/www.naimextraders.de\/nt\/naturdaerme\/","url":"https:\/\/www.naimextraders.de\/nt\/naturdaerme\/","name":"Naturd\u00e4rme -","isPartOf":{"@id":"https:\/\/www.naimextraders.de\/nt\/#website"},"primaryImageOfPage":{"@id":"https:\/\/www.naimextraders.de\/nt\/naturdaerme\/#primaryimage"},"image":{"@id":"https:\/\/www.naimextraders.de\/nt\/naturdaerme\/#primaryimage"},"thumbnailUrl":"https:\/\/www.naimextraders.de\/nt\/wp-content\/uploads\/2013\/01\/Schafbock_ca1400_Lombardei.jpg","datePublished":"2013-01-06T13:07:52+00:00","dateModified":"2018-05-17T13:52:46+00:00","description":"Jahrtausende alt und noch immer aktuell: Naturd\u00e4rme. Interessantes und Wissenswertes rund um die einzige nat\u00fcrliche Pelle mit dem richtigen Biss.","breadcrumb":{"@id":"https:\/\/www.naimextraders.de\/nt\/naturdaerme\/#breadcrumb"},"inLanguage":"de","potentialAction":[{"@type":"ReadAction","target":["https:\/\/www.naimextraders.de\/nt\/naturdaerme\/"]}]},{"@type":"ImageObject","inLanguage":"de","@id":"https:\/\/www.naimextraders.de\/nt\/naturdaerme\/#primaryimage","url":"https:\/\/www.naimextraders.de\/nt\/wp-content\/uploads\/2013\/01\/Schafbock_ca1400_Lombardei.jpg","contentUrl":"https:\/\/www.naimextraders.de\/nt\/wp-content\/uploads\/2013\/01\/Schafbock_ca1400_Lombardei.jpg","width":704,"height":469},{"@type":"BreadcrumbList","@id":"https:\/\/www.naimextraders.de\/nt\/naturdaerme\/#breadcrumb","itemListElement":[{"@type":"ListItem","position":1,"name":"Home","item":"https:\/\/www.naimextraders.de\/nt\/"},{"@type":"ListItem","position":2,"name":"Naturd\u00e4rme"}]},{"@type":"WebSite","@id":"https:\/\/www.naimextraders.de\/nt\/#website","url":"https:\/\/www.naimextraders.de\/nt\/","name":"NaimexTraders","description":"Das Naturdarmhaus.","potentialAction":[{"@type":"SearchAction","target":{"@type":"EntryPoint","urlTemplate":"https:\/\/www.naimextraders.de\/nt\/?s={search_term_string}"},"query-input":{"@type":"PropertyValueSpecification","valueRequired":true,"valueName":"search_term_string"}}],"inLanguage":"de"}]}},"_links":{"self":[{"href":"https:\/\/www.naimextraders.de\/nt\/wp-json\/wp\/v2\/pages\/21","targetHints":{"allow":["GET"]}}],"collection":[{"href":"https:\/\/www.naimextraders.de\/nt\/wp-json\/wp\/v2\/pages"}],"about":[{"href":"https:\/\/www.naimextraders.de\/nt\/wp-json\/wp\/v2\/types\/page"}],"author":[{"embeddable":true,"href":"https:\/\/www.naimextraders.de\/nt\/wp-json\/wp\/v2\/users\/1"}],"replies":[{"embeddable":true,"href":"https:\/\/www.naimextraders.de\/nt\/wp-json\/wp\/v2\/comments?post=21"}],"version-history":[{"count":55,"href":"https:\/\/www.naimextraders.de\/nt\/wp-json\/wp\/v2\/pages\/21\/revisions"}],"predecessor-version":[{"id":1095,"href":"https:\/\/www.naimextraders.de\/nt\/wp-json\/wp\/v2\/pages\/21\/revisions\/1095"}],"wp:attachment":[{"href":"https:\/\/www.naimextraders.de\/nt\/wp-json\/wp\/v2\/media?parent=21"}],"curies":[{"name":"wp","href":"https:\/\/api.w.org\/{rel}","templated":true}]}}