{"id":2,"date":"2013-01-06T11:16:24","date_gmt":"2013-01-06T09:16:24","guid":{"rendered":"http:\/\/www.naimextraders.de\/nt\/?page_id=2"},"modified":"2019-09-23T15:57:11","modified_gmt":"2019-09-23T14:57:11","slug":"home","status":"publish","type":"page","link":"https:\/\/www.naimextraders.de\/nt\/","title":{"rendered":"Willkommen bei NaimexTraders."},"content":{"rendered":"<style type=\"text\/css\">.easingslider-1178 { max-width: 800px; }.easingslider-1178 .easingslider-fade-in, .easingslider-fade-out { -webkit-animation-duration: 400ms; -moz-animation-duration: 400ms; animation-duration: 400ms; }<\/style><script type=\"text\/javascript\">window.EasingSlider1178 = {\"width\":800,\"height\":500,\"singleItem\":true,\"items\":1,\"itemsDesktop\":false,\"itemsDesktopSmall\":false,\"itemsTablet\":false,\"itemsTabletSmall\":false,\"itemsMobile\":false,\"responsive\":true,\"lazyLoad\":true,\"autoPlay\":6000,\"slideSpeed\":400,\"navigation\":true,\"navigationText\":[\"\",\"\"],\"pagination\":false,\"autoHeight\":true,\"mouseDrag\":false,\"touchDrag\":false,\"addClassActive\":true,\"transitionStyle\":false};<\/script><div data-id=\"1178\" class=\"easingslider easingslider-1178 easingslider-container easingslider-auto-height easingslider-arrows-hover easingslider-arrows-inside\"><div class=\"easingslider-slide\"><img decoding=\"async\" src=\"https:\/\/www.naimextraders.de\/nt\/wp-content\/plugins\/easing-slider\/assets\/images\/placeholder-pixel.png\" data-src=\"https:\/\/www.naimextraders.de\/nt\/wp-content\/uploads\/2019\/09\/A-manly-time-out-Chris-Wolcott-2013-komp-e1569246772831.jpg\" alt=\"\" title=\"A manly time out, Chris Wolcott, 2013, flickr, CC BY 2.0\" class=\"easingslider-image easingslider-lazy\" \/><\/div><div class=\"easingslider-slide\"><img decoding=\"async\" src=\"https:\/\/www.naimextraders.de\/nt\/wp-content\/plugins\/easing-slider\/assets\/images\/placeholder-pixel.png\" data-src=\"https:\/\/www.naimextraders.de\/nt\/wp-content\/uploads\/2019\/09\/A-penny-for-a-sausage-in-Mexico-City-Ricardo-Toledo-2013-komp-e1569246657252.jpg\" alt=\"\" title=\"A penny for a sausage, Mexico City, Ricardo Toledo, 2013, flickr, CC BY 2.0\" class=\"easingslider-image easingslider-lazy\" \/><\/div><div class=\"easingslider-slide\"><img decoding=\"async\" src=\"https:\/\/www.naimextraders.de\/nt\/wp-content\/plugins\/easing-slider\/assets\/images\/placeholder-pixel.png\" data-src=\"https:\/\/www.naimextraders.de\/nt\/wp-content\/uploads\/2019\/09\/Bratw\u00fcrstl-Christkindlmarkt-N\u00fcrnberg-Ralph-Aichinger-2010-komp-e1569246757268.jpg\" alt=\"\" title=\"Bratw\u00fcrstl, Christkindlmarkt N\u00fcrnberg, Ralph Aichinger, 2010, flickr, CC BY 2.0\" class=\"easingslider-image easingslider-lazy\" \/><\/div><div class=\"easingslider-slide\"><img decoding=\"async\" src=\"https:\/\/www.naimextraders.de\/nt\/wp-content\/plugins\/easing-slider\/assets\/images\/placeholder-pixel.png\" data-src=\"https:\/\/www.naimextraders.de\/nt\/wp-content\/uploads\/2019\/09\/Bratwurst-ukg.photographer-2012-komp-e1569246747167.jpg\" alt=\"\" title=\"Bratwurst, ukg.photographer, 2012, flickr, CC BY-SA 2.0\" class=\"easingslider-image easingslider-lazy\" \/><\/div><div class=\"easingslider-slide\"><img decoding=\"async\" src=\"https:\/\/www.naimextraders.de\/nt\/wp-content\/plugins\/easing-slider\/assets\/images\/placeholder-pixel.png\" data-src=\"https:\/\/www.naimextraders.de\/nt\/wp-content\/uploads\/2019\/09\/Die-Wurst-Ben-Kaden-2018-bearb-komp-e1569247416346.jpg\" alt=\"\" title=\"Die Wurst, Ben Kaden, 2018, flickr, CC BY 2.0\" class=\"easingslider-image easingslider-lazy\" \/><\/div><div class=\"easingslider-slide\"><img decoding=\"async\" src=\"https:\/\/www.naimextraders.de\/nt\/wp-content\/plugins\/easing-slider\/assets\/images\/placeholder-pixel.png\" data-src=\"https:\/\/www.naimextraders.de\/nt\/wp-content\/uploads\/2019\/09\/Cheltenham-at-Christmas-judy-dean-2016-bearb-e1569247718908.jpg\" alt=\"\" title=\"Cheltenham at Christmas, Judy Dean, 2016, flickr, CC BY 2.0\" class=\"easingslider-image easingslider-lazy\" \/><\/div><div class=\"easingslider-slide\"><img decoding=\"async\" src=\"https:\/\/www.naimextraders.de\/nt\/wp-content\/plugins\/easing-slider\/assets\/images\/placeholder-pixel.png\" data-src=\"https:\/\/www.naimextraders.de\/nt\/wp-content\/uploads\/2019\/09\/Fair-Food-Minnesota-state-fair-Haldean-Brown-2015-komp-e1569246703560.jpg\" alt=\"\" title=\"Fair Food, Minnesota state fair, Haldean Brown, 2015, flickr, CC BY-SA 2.0\" class=\"easingslider-image easingslider-lazy\" \/><\/div><div class=\"easingslider-slide\"><img decoding=\"async\" src=\"https:\/\/www.naimextraders.de\/nt\/wp-content\/plugins\/easing-slider\/assets\/images\/placeholder-pixel.png\" data-src=\"https:\/\/www.naimextraders.de\/nt\/wp-content\/uploads\/2019\/09\/Sausages-Day46_365-Nadine-Heidrich-2013-komp-e1569246677857.jpg\" alt=\"\" title=\"Sausages-Day 46\/365, Nadine Heidrich, 2013, flickr, CC BY 2.0\" class=\"easingslider-image easingslider-lazy\" \/><\/div><div class=\"easingslider-slide\"><img decoding=\"async\" src=\"https:\/\/www.naimextraders.de\/nt\/wp-content\/plugins\/easing-slider\/assets\/images\/placeholder-pixel.png\" data-src=\"https:\/\/www.naimextraders.de\/nt\/wp-content\/uploads\/2019\/09\/Street-vendor-in-Perth-Ruth-Ellison-2007-komp-e1569246062807.jpg\" alt=\"\" title=\"Street Vendor, Perth, Ruth Ellison, 2007, flickr, CC BY 2.0\" class=\"easingslider-image easingslider-lazy\" \/><\/div><div class=\"easingslider-slide\"><img decoding=\"async\" src=\"https:\/\/www.naimextraders.de\/nt\/wp-content\/plugins\/easing-slider\/assets\/images\/placeholder-pixel.png\" data-src=\"https:\/\/www.naimextraders.de\/nt\/wp-content\/uploads\/2019\/09\/New-York-Street-Vendor-Kathleen-Tyler-Conklin-2007-komp-e1569247910587.jpg\" alt=\"\" title=\"New York Street Vendor, Kathleen Tyler Conklin, 2007, CC BY 2.0\" class=\"easingslider-image easingslider-lazy\" \/><\/div><\/div>\n<address style=\"text-align: right;\">\u00a0<\/address>\n<p>Wurstspezialit\u00e4ten aus verschiedenen Regionen Deutschlands: N\u00fcrnberg, Th\u00fcringen, Hessen, Pfalz, Bayern, Norddeutschland.<br \/>\nN\u00fcrnberger Rostbratw\u00fcrste, Wiener und Frankfurter W\u00fcrstchen: undenkbar ohne Schafsdarm, &#8222;Saitling&#8220;, der einzigartige Produkte umkleidet und ihnen erst den richtigen Biss gibt.<br \/>\nTh\u00fcringer Bratwurst, Regensburger, Ahle Wurscht, M\u00fcnchner Wei\u00dfwurst oder Bremer Pinkel: nur echt im Schweinedarm.<\/p>\n<h4><div class=\"lightgrey-box\">Wir, das Naturdarmhaus NaimexTraders GmbH, vermarkten in Deutschland und Europa das wertvolle Produkt Naturd\u00e4rme.<\/div><\/h4>\n<h4>Einzigartig im Aussehen und im Biss.<\/h4>\n<p>Insgesamt rund 1.500 Wurstsorten in Deutschland werden zum gro\u00dfen Teil im Naturdarm hergestellt. Gerade die Regionalit\u00e4t von Produkten macht bestimmte Wurstsorten besonders attraktiv. Einige dieser Produkte sind sogar EU-weit mit dem Siegel f\u00fcr gesch\u00fctzte <a title=\"Wikipedia: Herkunftsbezeichnung\" href=\"https:\/\/de.wikipedia.org\/wiki\/Herkunftsbezeichnung\" target=\"_blank\" rel=\"noopener noreferrer\">Herkunftsbezeichnung<\/a> (g.g.A.) versehen. Bei ihnen ist der Naturdarm nicht wegzudenken. Der Naturdarm ist damit auch eine besondere Verkaufsf\u00f6rderma\u00dfnahme f\u00fcr Ihre Produkte.<\/p>\n<h4><div class=\"lightgrey-box\">Sie suchen direkten Zugang zu Naturdarm-Produzenten? Dann fragen Sie uns.<\/div><\/h4>\n<p style=\"text-align: center;\"><a class=\"standard-btn red-btn small-btn\" href=\"mailto:mail@naimextraders.de\"><span><strong>Kontakt<\/strong><\/span><\/a><\/p>\n<address style=\"text-align: left;\">\u00a0<\/address>\n<address>\u00a0<\/address>\n<address><em>Abbildungen: flickr.com<\/em><br \/>\n<em>mit Dank an Chris Wolcott, Ricardo Toledo, Ralph Aichinger, Judy Dean, Ben Kaden, Kathleen Tyler Conklin, Nadine Heidrich und Ruth Ellison (alle CC BY 2.0)<\/em> <em>sowie ukg.photographer und Haldean Brown (beide CC BY-SA 2.0)<\/em><\/address>\n","protected":false},"excerpt":{"rendered":"<p>\u00a0 Wurstspezialit\u00e4ten aus verschiedenen Regionen Deutschlands: N\u00fcrnberg, Th\u00fcringen, Hessen, Pfalz, Bayern, Norddeutschland. N\u00fcrnberger Rostbratw\u00fcrste, Wiener und Frankfurter W\u00fcrstchen: undenkbar ohne Schafsdarm, &#8222;Saitling&#8220;, der einzigartige Produkte umkleidet und ihnen erst den richtigen Biss gibt. Th\u00fcringer Bratwurst, Regensburger, Ahle Wurscht, M\u00fcnchner Wei\u00dfwurst &hellip; <a href=\"https:\/\/www.naimextraders.de\/nt\/\">Weiterlesen &rarr;<\/a><\/p>\n","protected":false},"author":1,"featured_media":0,"parent":0,"menu_order":0,"comment_status":"closed","ping_status":"open","template":"","meta":{"footnotes":""},"class_list":["post-2","page","type-page","status-publish","hentry"],"yoast_head":"<!-- This site is optimized with the Yoast SEO plugin v27.5 - https:\/\/yoast.com\/product\/yoast-seo-wordpress\/ -->\n<title>Willkommen bei NaimexTraders.<\/title>\n<meta name=\"description\" content=\"NaimexTraders. Wir vermarkten Naturd\u00e4rme - und mehr.\" \/>\n<meta name=\"robots\" content=\"index, follow, max-snippet:-1, max-image-preview:large, max-video-preview:-1\" \/>\n<link rel=\"canonical\" href=\"https:\/\/www.naimextraders.de\/nt\/\" \/>\n<meta property=\"og:locale\" content=\"de_DE\" \/>\n<meta property=\"og:type\" content=\"article\" \/>\n<meta property=\"og:title\" content=\"Willkommen bei NaimexTraders.\" \/>\n<meta property=\"og:description\" content=\"NaimexTraders. Wir vermarkten Naturd\u00e4rme - und mehr.\" \/>\n<meta property=\"og:url\" content=\"https:\/\/www.naimextraders.de\/nt\/\" \/>\n<meta property=\"og:site_name\" content=\"NaimexTraders\" \/>\n<meta property=\"article:modified_time\" content=\"2019-09-23T14:57:11+00:00\" \/>\n<meta name=\"twitter:label1\" content=\"Gesch\u00e4tzte Lesezeit\" \/>\n\t<meta name=\"twitter:data1\" content=\"1\u00a0Minute\" \/>\n<script type=\"application\/ld+json\" class=\"yoast-schema-graph\">{\"@context\":\"https:\\\/\\\/schema.org\",\"@graph\":[{\"@type\":\"WebPage\",\"@id\":\"https:\\\/\\\/www.naimextraders.de\\\/nt\\\/\",\"url\":\"https:\\\/\\\/www.naimextraders.de\\\/nt\\\/\",\"name\":\"Willkommen bei NaimexTraders.\",\"isPartOf\":{\"@id\":\"https:\\\/\\\/www.naimextraders.de\\\/nt\\\/#website\"},\"datePublished\":\"2013-01-06T09:16:24+00:00\",\"dateModified\":\"2019-09-23T14:57:11+00:00\",\"description\":\"NaimexTraders. Wir vermarkten Naturd\u00e4rme - und mehr.\",\"breadcrumb\":{\"@id\":\"https:\\\/\\\/www.naimextraders.de\\\/nt\\\/#breadcrumb\"},\"inLanguage\":\"de\",\"potentialAction\":[{\"@type\":\"ReadAction\",\"target\":[\"https:\\\/\\\/www.naimextraders.de\\\/nt\\\/\"]}]},{\"@type\":\"BreadcrumbList\",\"@id\":\"https:\\\/\\\/www.naimextraders.de\\\/nt\\\/#breadcrumb\",\"itemListElement\":[{\"@type\":\"ListItem\",\"position\":1,\"name\":\"Home\",\"item\":\"https:\\\/\\\/www.naimextraders.de\\\/nt\\\/\"},{\"@type\":\"ListItem\",\"position\":2,\"name\":\"Willkommen bei NaimexTraders.\"}]},{\"@type\":\"WebSite\",\"@id\":\"https:\\\/\\\/www.naimextraders.de\\\/nt\\\/#website\",\"url\":\"https:\\\/\\\/www.naimextraders.de\\\/nt\\\/\",\"name\":\"NaimexTraders\",\"description\":\"Das Naturdarmhaus.\",\"potentialAction\":[{\"@type\":\"SearchAction\",\"target\":{\"@type\":\"EntryPoint\",\"urlTemplate\":\"https:\\\/\\\/www.naimextraders.de\\\/nt\\\/?s={search_term_string}\"},\"query-input\":{\"@type\":\"PropertyValueSpecification\",\"valueRequired\":true,\"valueName\":\"search_term_string\"}}],\"inLanguage\":\"de\"}]}<\/script>\n<!-- \/ Yoast SEO plugin. -->","yoast_head_json":{"title":"Willkommen bei NaimexTraders.","description":"NaimexTraders. Wir vermarkten Naturd\u00e4rme - und mehr.","robots":{"index":"index","follow":"follow","max-snippet":"max-snippet:-1","max-image-preview":"max-image-preview:large","max-video-preview":"max-video-preview:-1"},"canonical":"https:\/\/www.naimextraders.de\/nt\/","og_locale":"de_DE","og_type":"article","og_title":"Willkommen bei NaimexTraders.","og_description":"NaimexTraders. Wir vermarkten Naturd\u00e4rme - und mehr.","og_url":"https:\/\/www.naimextraders.de\/nt\/","og_site_name":"NaimexTraders","article_modified_time":"2019-09-23T14:57:11+00:00","twitter_misc":{"Gesch\u00e4tzte Lesezeit":"1\u00a0Minute"},"schema":{"@context":"https:\/\/schema.org","@graph":[{"@type":"WebPage","@id":"https:\/\/www.naimextraders.de\/nt\/","url":"https:\/\/www.naimextraders.de\/nt\/","name":"Willkommen bei NaimexTraders.","isPartOf":{"@id":"https:\/\/www.naimextraders.de\/nt\/#website"},"datePublished":"2013-01-06T09:16:24+00:00","dateModified":"2019-09-23T14:57:11+00:00","description":"NaimexTraders. Wir vermarkten Naturd\u00e4rme - und mehr.","breadcrumb":{"@id":"https:\/\/www.naimextraders.de\/nt\/#breadcrumb"},"inLanguage":"de","potentialAction":[{"@type":"ReadAction","target":["https:\/\/www.naimextraders.de\/nt\/"]}]},{"@type":"BreadcrumbList","@id":"https:\/\/www.naimextraders.de\/nt\/#breadcrumb","itemListElement":[{"@type":"ListItem","position":1,"name":"Home","item":"https:\/\/www.naimextraders.de\/nt\/"},{"@type":"ListItem","position":2,"name":"Willkommen bei NaimexTraders."}]},{"@type":"WebSite","@id":"https:\/\/www.naimextraders.de\/nt\/#website","url":"https:\/\/www.naimextraders.de\/nt\/","name":"NaimexTraders","description":"Das Naturdarmhaus.","potentialAction":[{"@type":"SearchAction","target":{"@type":"EntryPoint","urlTemplate":"https:\/\/www.naimextraders.de\/nt\/?s={search_term_string}"},"query-input":{"@type":"PropertyValueSpecification","valueRequired":true,"valueName":"search_term_string"}}],"inLanguage":"de"}]}},"_links":{"self":[{"href":"https:\/\/www.naimextraders.de\/nt\/wp-json\/wp\/v2\/pages\/2","targetHints":{"allow":["GET"]}}],"collection":[{"href":"https:\/\/www.naimextraders.de\/nt\/wp-json\/wp\/v2\/pages"}],"about":[{"href":"https:\/\/www.naimextraders.de\/nt\/wp-json\/wp\/v2\/types\/page"}],"author":[{"embeddable":true,"href":"https:\/\/www.naimextraders.de\/nt\/wp-json\/wp\/v2\/users\/1"}],"replies":[{"embeddable":true,"href":"https:\/\/www.naimextraders.de\/nt\/wp-json\/wp\/v2\/comments?post=2"}],"version-history":[{"count":46,"href":"https:\/\/www.naimextraders.de\/nt\/wp-json\/wp\/v2\/pages\/2\/revisions"}],"predecessor-version":[{"id":1189,"href":"https:\/\/www.naimextraders.de\/nt\/wp-json\/wp\/v2\/pages\/2\/revisions\/1189"}],"wp:attachment":[{"href":"https:\/\/www.naimextraders.de\/nt\/wp-json\/wp\/v2\/media?parent=2"}],"curies":[{"name":"wp","href":"https:\/\/api.w.org\/{rel}","templated":true}]}}